{"id":12192,"date":"2015-12-16T04:56:52","date_gmt":"2015-12-16T03:56:52","guid":{"rendered":"http:\/\/localhost\/bidaud02\/?page_id=12192"},"modified":"2015-12-16T23:08:06","modified_gmt":"2015-12-16T22:08:06","slug":"accueil","status":"publish","type":"page","link":"http:\/\/www.sarl-bidaud.fr\/bidaud\/","title":{"rendered":"Accueil"},"content":{"rendered":"[spb_text_block pb_margin_bottom=\u00a0\u00bbno\u00a0\u00bb pb_border_bottom=\u00a0\u00bbno\u00a0\u00bb width=\u00a0\u00bb1\/2&Prime; el_position=\u00a0\u00bbfirst\u00a0\u00bb]\n<div class=\"content_header\">\n<h2>Bienvenue sur le site SARL Bidaud Charpente Menuiserie<\/h2>\n<p>Depuis pr\u00e8s de 60 ans, la<strong> sarl BIDAUD\u00a0<\/strong>met tout son savoir faire \u00e0 votre service. Construction de charpente, b\u00e2timents agricole et industriel, menuiseries ext\u00e9rieures, abri de jardin&#8230; L&rsquo;entreprise r\u00e9alise sur mesure tous vos <strong>travaux\u00a0de construction bois.<\/strong><\/p>\n<\/div>\n<div class=\"content\">\n<p>Faire appel \u00e0 l&rsquo;<strong>entreprise BIDAUD<\/strong>, c&rsquo;est b\u00e9n\u00e9ficier de :<\/p>\n<ul>\n<li><strong>L&rsquo;exp\u00e9rience<\/strong><\/li>\n<li><strong><strong>La qualit\u00e9<\/strong><\/strong><\/li>\n<li><strong><strong>La proximit\u00e9<\/strong><\/strong><\/li>\n<li><strong><strong>La r\u00e9activit\u00e9<\/strong><\/strong><\/li>\n<li><strong><strong>Le respect des engagements<\/strong><\/strong><\/li>\n<\/ul>\n<\/div>\n[\/spb_text_block] [sf_gallery title=\u00a0\u00bbQuelques r\u00e9alisation de la Sarl BIDAUD\u00a0\u00bb gallery_id=\u00a0\u00bb11099&Prime; slider_transition=\u00a0\u00bbslide\u00a0\u00bb show_thumbs=\u00a0\u00bbyes\u00a0\u00bb autoplay=\u00a0\u00bbyes\u00a0\u00bb show_captions=\u00a0\u00bbyes\u00a0\u00bb enable_lightbox=\u00a0\u00bbyes\u00a0\u00bb width=\u00a0\u00bb1\/2&Prime; el_position=\u00a0\u00bblast\u00a0\u00bb] [blank_spacer height=\u00a0\u00bb30px\u00a0\u00bb width=\u00a0\u00bb1\/1&Prime; el_position=\u00a0\u00bbfirst last\u00a0\u00bb]\n","protected":false},"excerpt":{"rendered":"<p>[spb_text_block pb_margin_bottom=\u00a0\u00bbno\u00a0\u00bb pb_border_bottom=\u00a0\u00bbno\u00a0\u00bb width=\u00a0\u00bb1\/2&Prime; el_position=\u00a0\u00bbfirst\u00a0\u00bb] Bienvenue sur le site SARL Bidaud Charpente Menuiserie Depuis pr\u00e8s de 60 ans, la sarl BIDAUD\u00a0met tout son savoir faire \u00e0 votre service. Construction de charpente, b\u00e2timents agricole et industriel, menuiseries ext\u00e9rieures, abri de jardin&#8230; L&rsquo;entreprise r\u00e9alise sur mesure tous vos travaux\u00a0de construction bois. Faire appel \u00e0 l&rsquo;entreprise BIDAUD, c&rsquo;est b\u00e9n\u00e9ficier de : L&rsquo;exp\u00e9rience La [&hellip;]<\/p>\n","protected":false},"author":1,"featured_media":0,"parent":0,"menu_order":0,"comment_status":"closed","ping_status":"closed","template":"","meta":{"footnotes":""},"_links":{"self":[{"href":"http:\/\/www.sarl-bidaud.fr\/bidaud\/wp-json\/wp\/v2\/pages\/12192"}],"collection":[{"href":"http:\/\/www.sarl-bidaud.fr\/bidaud\/wp-json\/wp\/v2\/pages"}],"about":[{"href":"http:\/\/www.sarl-bidaud.fr\/bidaud\/wp-json\/wp\/v2\/types\/page"}],"author":[{"embeddable":true,"href":"http:\/\/www.sarl-bidaud.fr\/bidaud\/wp-json\/wp\/v2\/users\/1"}],"replies":[{"embeddable":true,"href":"http:\/\/www.sarl-bidaud.fr\/bidaud\/wp-json\/wp\/v2\/comments?post=12192"}],"version-history":[{"count":7,"href":"http:\/\/www.sarl-bidaud.fr\/bidaud\/wp-json\/wp\/v2\/pages\/12192\/revisions"}],"predecessor-version":[{"id":12615,"href":"http:\/\/www.sarl-bidaud.fr\/bidaud\/wp-json\/wp\/v2\/pages\/12192\/revisions\/12615"}],"wp:attachment":[{"href":"http:\/\/www.sarl-bidaud.fr\/bidaud\/wp-json\/wp\/v2\/media?parent=12192"}],"curies":[{"name":"wp","href":"https:\/\/api.w.org\/{rel}","templated":true}]}}