{"id":12234,"date":"2015-12-16T07:25:00","date_gmt":"2015-12-16T06:25:00","guid":{"rendered":"http:\/\/localhost\/bidaud02\/?page_id=12234"},"modified":"2015-12-16T16:34:50","modified_gmt":"2015-12-16T15:34:50","slug":"batiment-agricole-et-industriel","status":"publish","type":"page","link":"http:\/\/www.sarl-bidaud.fr\/bidaud\/batiment-agricole-et-industriel\/","title":{"rendered":"B\u00e2timent agricole et industriel"},"content":{"rendered":"[spb_text_block pb_margin_bottom=\u00a0\u00bbno\u00a0\u00bb pb_border_bottom=\u00a0\u00bbno\u00a0\u00bb width=\u00a0\u00bb1\/1&Prime; el_position=\u00a0\u00bbfirst last\u00a0\u00bb]\n<div class=\"content\">\n<div class=\"content\">\n<div class=\"content\">\n<p>Nous proposons nos services pour la <strong>construction de hangars, stabulations. <\/strong>Nous <strong>construisons des b\u00e2timents industriels<\/strong> et d&rsquo;<strong>\u00e9quitation<\/strong> afin de vous satisfaire.<\/p>\n<\/div>\n<\/div>\n<\/div>\n[\/spb_text_block] [spb_text_block pb_margin_bottom=\u00a0\u00bbno\u00a0\u00bb pb_border_bottom=\u00a0\u00bbno\u00a0\u00bb width=\u00a0\u00bb1\/2&Prime; el_position=\u00a0\u00bbfirst\u00a0\u00bb]\n<div class=\"content\">\n<div class=\"content\">\n<div class=\"content\">Nous vous proposons des<strong> solutions sur-mesure<\/strong>, en <strong>fonction de votre cahier des charges, de vos besoins, et de votre budget<\/strong>.<br \/>\nNous travaillons avec tout type de mat\u00e9riaux afin de vous proposer une solution qui s&rsquo;adaptera parfaitement \u00e0 votre attente.<strong>Nous intervenons pour des travaux en neuf et en r\u00e9novation. <\/strong><strong>Charpente port\u00e9e maxi 25 m\u00e8tres.<\/strong><br \/>\n<strong> Nous fabriquons principalement toutes nos charpentes :<\/strong><\/p>\n<ul>\n<li>Charpente bois b\u00e2timents agricoles, industriels et collectivit\u00e9s<\/li>\n<li>Charpente sapin du nord<\/li>\n<li>Charpente lamell\u00e9 coll\u00e9<\/li>\n<li>Poteau en ch\u00eane<\/li>\n<li>Enveloppe du b\u00e2timent<\/li>\n<\/ul>\n<p>&nbsp;<\/p>\n<\/div>\n<\/div>\n<\/div>\n[\/spb_text_block] [spb_text_block pb_margin_bottom=\u00a0\u00bbno\u00a0\u00bb pb_border_bottom=\u00a0\u00bbno\u00a0\u00bb width=\u00a0\u00bb1\/2&Prime; el_position=\u00a0\u00bblast\u00a0\u00bb]\n<div class=\"content\">\n<div class=\"content\">\n<div class=\"content\">Nous r\u00e9alisons les <strong>bardages (t\u00f4le ou bois)<\/strong>, ainsi que la <strong>pose de porte et de serrurerie<\/strong>. Pour la couverture nous vous proposons soit bac acier, fibrociment, panneaux sandwichs. avec la pose de goutti\u00e8res zinc, d\u00f4me de lumi\u00e8re\u2026<br \/>\n<strong> Bardage :<\/strong><\/p>\n<ul>\n<li>\u00a0Bardage agricole<\/li>\n<li>\u00a0Bardage clin bois<\/li>\n<li>\u00a0Bardage m\u00e9tallique<\/li>\n<\/ul>\n<p><strong> Couverture <\/strong>:<\/p>\n<ul>\n<li>Couverture bac acier<\/li>\n<li>Panneaux sandwich<\/li>\n<li>Couverture fibro ciment<\/li>\n<li>Pose de goutti\u00e8re ou ch\u00e9neau<\/li>\n<\/ul>\n<p><strong>Fermeture<\/strong> :<\/p>\n<ul>\n<li>Porte de service bois , m\u00e9tallique, PVC, alu<\/li>\n<li>Portail bois ou galvanis\u00e9<\/li>\n<\/ul>\n<\/div>\n<\/div>\n<\/div>\n[\/spb_text_block] [sf_gallery title=\u00a0\u00bbQuelques r\u00e9alisation de la Sarl BIDAUD\u00a0\u00bb gallery_id=\u00a0\u00bb11099&Prime; slider_transition=\u00a0\u00bbslide\u00a0\u00bb show_thumbs=\u00a0\u00bbyes\u00a0\u00bb autoplay=\u00a0\u00bbyes\u00a0\u00bb show_captions=\u00a0\u00bbyes\u00a0\u00bb enable_lightbox=\u00a0\u00bbyes\u00a0\u00bb width=\u00a0\u00bb1\/1&Prime; el_position=\u00a0\u00bbfirst last\u00a0\u00bb] [blank_spacer height=\u00a0\u00bb30px\u00a0\u00bb width=\u00a0\u00bb1\/1&Prime; el_position=\u00a0\u00bbfirst last\u00a0\u00bb]\n","protected":false},"excerpt":{"rendered":"<p>[spb_text_block pb_margin_bottom=\u00a0\u00bbno\u00a0\u00bb pb_border_bottom=\u00a0\u00bbno\u00a0\u00bb width=\u00a0\u00bb1\/1&Prime; el_position=\u00a0\u00bbfirst last\u00a0\u00bb] Nous proposons nos services pour la construction de hangars, stabulations. Nous construisons des b\u00e2timents industriels et d&rsquo;\u00e9quitation afin de vous satisfaire. [\/spb_text_block] [spb_text_block pb_margin_bottom=\u00a0\u00bbno\u00a0\u00bb pb_border_bottom=\u00a0\u00bbno\u00a0\u00bb width=\u00a0\u00bb1\/2&Prime; el_position=\u00a0\u00bbfirst\u00a0\u00bb] Nous vous proposons des solutions sur-mesure, en fonction de votre cahier des charges, de vos besoins, et de votre budget. Nous travaillons avec tout type de mat\u00e9riaux [&hellip;]<\/p>\n","protected":false},"author":1,"featured_media":0,"parent":0,"menu_order":0,"comment_status":"closed","ping_status":"closed","template":"","meta":{"footnotes":""},"_links":{"self":[{"href":"http:\/\/www.sarl-bidaud.fr\/bidaud\/wp-json\/wp\/v2\/pages\/12234"}],"collection":[{"href":"http:\/\/www.sarl-bidaud.fr\/bidaud\/wp-json\/wp\/v2\/pages"}],"about":[{"href":"http:\/\/www.sarl-bidaud.fr\/bidaud\/wp-json\/wp\/v2\/types\/page"}],"author":[{"embeddable":true,"href":"http:\/\/www.sarl-bidaud.fr\/bidaud\/wp-json\/wp\/v2\/users\/1"}],"replies":[{"embeddable":true,"href":"http:\/\/www.sarl-bidaud.fr\/bidaud\/wp-json\/wp\/v2\/comments?post=12234"}],"version-history":[{"count":3,"href":"http:\/\/www.sarl-bidaud.fr\/bidaud\/wp-json\/wp\/v2\/pages\/12234\/revisions"}],"predecessor-version":[{"id":12601,"href":"http:\/\/www.sarl-bidaud.fr\/bidaud\/wp-json\/wp\/v2\/pages\/12234\/revisions\/12601"}],"wp:attachment":[{"href":"http:\/\/www.sarl-bidaud.fr\/bidaud\/wp-json\/wp\/v2\/media?parent=12234"}],"curies":[{"name":"wp","href":"https:\/\/api.w.org\/{rel}","templated":true}]}}