{"id":12273,"date":"2015-12-16T08:28:16","date_gmt":"2015-12-16T07:28:16","guid":{"rendered":"http:\/\/localhost\/bidaud02\/?page_id=12273"},"modified":"2015-12-16T16:34:45","modified_gmt":"2015-12-16T15:34:45","slug":"charpente-construction-bois","status":"publish","type":"page","link":"http:\/\/www.sarl-bidaud.fr\/bidaud\/charpente-construction-bois\/","title":{"rendered":"Charpente &#8211; Construction Bois"},"content":{"rendered":"[spb_text_block pb_margin_bottom=\u00a0\u00bbno\u00a0\u00bb pb_border_bottom=\u00a0\u00bbno\u00a0\u00bb width=\u00a0\u00bb1\/2&Prime; el_position=\u00a0\u00bbfirst\u00a0\u00bb]\n<div class=\"content\">\n<div class=\"content\">\n<p><strong>De la charpente traditionnelle<\/strong> la plus simple,<strong> \u00e0 la structure la plus \u00e9labor\u00e9e<\/strong>, dans le <strong>neuf ou la r\u00e9novation<\/strong>, <strong>nous r\u00e9alisons votre projet d&rsquo;apr\u00e8s vos plans et ou, en collaboration avec un architecte : <\/strong><\/p>\n<ul>\n<li>Charpente traditionnelle bois, sur\u00e9l\u00e9vation, modification de charpente,<\/li>\n<li>Charpente industrielle,<\/li>\n<li>Pr\u00e9au, garage, pergolas, appentis, carport, terrasse&#8230;<\/li>\n<li>Ossature bois,<\/li>\n<li>Construction en ossature bois,<\/li>\n<li>Isolation par l\u2019 ext\u00e9rieure,<\/li>\n<li>Bardages.<\/li>\n<\/ul>\n<\/div>\n<\/div>\n[\/spb_text_block] [sf_gallery title=\u00a0\u00bbQuelques r\u00e9alisation de la Sarl BIDAUD\u00a0\u00bb gallery_id=\u00a0\u00bb11099&Prime; slider_transition=\u00a0\u00bbslide\u00a0\u00bb show_thumbs=\u00a0\u00bbyes\u00a0\u00bb autoplay=\u00a0\u00bbyes\u00a0\u00bb show_captions=\u00a0\u00bbyes\u00a0\u00bb enable_lightbox=\u00a0\u00bbyes\u00a0\u00bb width=\u00a0\u00bb1\/2&Prime; el_position=\u00a0\u00bblast\u00a0\u00bb] [blank_spacer height=\u00a0\u00bb30px\u00a0\u00bb width=\u00a0\u00bb1\/1&Prime; el_position=\u00a0\u00bbfirst last\u00a0\u00bb]\n","protected":false},"excerpt":{"rendered":"<p>[spb_text_block pb_margin_bottom=\u00a0\u00bbno\u00a0\u00bb pb_border_bottom=\u00a0\u00bbno\u00a0\u00bb width=\u00a0\u00bb1\/2&Prime; el_position=\u00a0\u00bbfirst\u00a0\u00bb] De la charpente traditionnelle la plus simple, \u00e0 la structure la plus \u00e9labor\u00e9e, dans le neuf ou la r\u00e9novation, nous r\u00e9alisons votre projet d&rsquo;apr\u00e8s vos plans et ou, en collaboration avec un architecte : Charpente traditionnelle bois, sur\u00e9l\u00e9vation, modification de charpente, Charpente industrielle, Pr\u00e9au, garage, pergolas, appentis, carport, terrasse&#8230; Ossature bois, Construction en ossature bois, [&hellip;]<\/p>\n","protected":false},"author":1,"featured_media":0,"parent":0,"menu_order":0,"comment_status":"closed","ping_status":"closed","template":"","meta":{"footnotes":""},"_links":{"self":[{"href":"http:\/\/www.sarl-bidaud.fr\/bidaud\/wp-json\/wp\/v2\/pages\/12273"}],"collection":[{"href":"http:\/\/www.sarl-bidaud.fr\/bidaud\/wp-json\/wp\/v2\/pages"}],"about":[{"href":"http:\/\/www.sarl-bidaud.fr\/bidaud\/wp-json\/wp\/v2\/types\/page"}],"author":[{"embeddable":true,"href":"http:\/\/www.sarl-bidaud.fr\/bidaud\/wp-json\/wp\/v2\/users\/1"}],"replies":[{"embeddable":true,"href":"http:\/\/www.sarl-bidaud.fr\/bidaud\/wp-json\/wp\/v2\/comments?post=12273"}],"version-history":[{"count":2,"href":"http:\/\/www.sarl-bidaud.fr\/bidaud\/wp-json\/wp\/v2\/pages\/12273\/revisions"}],"predecessor-version":[{"id":12625,"href":"http:\/\/www.sarl-bidaud.fr\/bidaud\/wp-json\/wp\/v2\/pages\/12273\/revisions\/12625"}],"wp:attachment":[{"href":"http:\/\/www.sarl-bidaud.fr\/bidaud\/wp-json\/wp\/v2\/media?parent=12273"}],"curies":[{"name":"wp","href":"https:\/\/api.w.org\/{rel}","templated":true}]}}