{"id":12359,"date":"2015-12-16T09:57:54","date_gmt":"2015-12-16T08:57:54","guid":{"rendered":"http:\/\/www.sarl-bidaud.fr\/bidaud\/?page_id=12359"},"modified":"2015-12-16T18:40:19","modified_gmt":"2015-12-16T17:40:19","slug":"presentation-de-la-sarl-bidaud","status":"publish","type":"page","link":"http:\/\/www.sarl-bidaud.fr\/bidaud\/presentation-de-la-sarl-bidaud\/","title":{"rendered":"Pr\u00e9sentation de la Sarl Bidaud"},"content":{"rendered":"[spb_text_block pb_margin_bottom=\u00a0\u00bbno\u00a0\u00bb pb_border_bottom=\u00a0\u00bbno\u00a0\u00bb width=\u00a0\u00bb1\/2&Prime; el_position=\u00a0\u00bbfirst\u00a0\u00bb]\n<div class=\"content\">\n<p><strong>Install\u00e9e \u00e0 Le Dresny<\/strong> pr\u00e8s de <strong>Pless\u00e9 en<\/strong>\u00a0<strong>loire atlantique<\/strong>,<strong> l&rsquo;entreprise BIDAUD<\/strong>, cr\u00e9\u00e9e depuis <strong>1953<\/strong>, est \u00e0 <strong>votre service pour tous vos travaux de CONSTRUCTION BOIS.<\/strong><br \/>\nDe<strong> taille humaine la soci\u00e9t\u00e9e BIDAUD<\/strong> consacre ses <strong>comp\u00e9tences humaines et techniques<\/strong> \u00e0 la <strong>r\u00e9alisation de projets et de services de qualit\u00e9<\/strong> pour contribuer \u00e0 la satisfaction de ses clients et \u00e0 l\u2019\u00e9panouissement de ses salari\u00e9s.<br \/>\n<strong>Nous proposons nos services pour :<\/strong><\/p>\n<ul>\n<li>La <strong>r\u00e9alisation<\/strong> et la <strong>pose de charpente traditionnelle, industrielle, ossature bois, bardage, isolation.<\/strong><\/li>\n<li>La<strong> r\u00e9alisation de b\u00e2timents agricole et industriel en bois.<\/strong><\/li>\n<li>La<strong> pose de menuiseries ext\u00e9rieures : fen\u00eatre, \u00a0porte de garage, volet<\/strong>\u2026 en bois, PVC, alu, mixte.<\/li>\n<li>L\u2019<strong>am\u00e9nagement int\u00e9rieur<\/strong>\u00a0(parquet, lambris, escalier, placard&#8230;).<\/li>\n<li>L&rsquo;<strong>am\u00e9nagement ext\u00e9rieur<\/strong>\u00a0(terrasse, pergolas, abris de jardin, carport, v\u00e9randas\u2026).<\/li>\n<\/ul>\n<p><strong>Nos moyens :<\/strong><\/p>\n<ul>\n<li>Une \u00e9quipe de<strong> 6 ouvriers\u00a0 menuisier charpentier professionnels.<\/strong><\/li>\n<li>Un <strong>atelier<\/strong> de<strong> 1000 m<sup>2<\/sup><\/strong>\u00a0 \u00e9quip\u00e9 de machine performante + une zone de stockage.<\/li>\n<li><strong>Camion grue<\/strong> 19 T.<\/li>\n<li>Manuscopique 13 m + nacelle.<\/li>\n<li>Fourgons \u00e9quip\u00e9s.<\/li>\n<\/ul>\n<\/div>\n[\/spb_text_block] [sf_gallery title=\u00a0\u00bbQuelques r\u00e9alisation de la Sarl BIDAUD\u00a0\u00bb gallery_id=\u00a0\u00bb11099&Prime; slider_transition=\u00a0\u00bbslide\u00a0\u00bb show_thumbs=\u00a0\u00bbyes\u00a0\u00bb autoplay=\u00a0\u00bbyes\u00a0\u00bb show_captions=\u00a0\u00bbyes\u00a0\u00bb enable_lightbox=\u00a0\u00bbyes\u00a0\u00bb width=\u00a0\u00bb1\/2&Prime; el_position=\u00a0\u00bblast\u00a0\u00bb] [blank_spacer height=\u00a0\u00bb30px\u00a0\u00bb width=\u00a0\u00bb1\/1&Prime; el_position=\u00a0\u00bbfirst last\u00a0\u00bb]\n","protected":false},"excerpt":{"rendered":"<p>[spb_text_block pb_margin_bottom=\u00a0\u00bbno\u00a0\u00bb pb_border_bottom=\u00a0\u00bbno\u00a0\u00bb width=\u00a0\u00bb1\/2&Prime; el_position=\u00a0\u00bbfirst\u00a0\u00bb] Install\u00e9e \u00e0 Le Dresny pr\u00e8s de Pless\u00e9 en\u00a0loire atlantique, l&rsquo;entreprise BIDAUD, cr\u00e9\u00e9e depuis 1953, est \u00e0 votre service pour tous vos travaux de CONSTRUCTION BOIS. De taille humaine la soci\u00e9t\u00e9e BIDAUD consacre ses comp\u00e9tences humaines et techniques \u00e0 la r\u00e9alisation de projets et de services de qualit\u00e9 pour contribuer \u00e0 la satisfaction de ses clients [&hellip;]<\/p>\n","protected":false},"author":1,"featured_media":0,"parent":0,"menu_order":0,"comment_status":"closed","ping_status":"closed","template":"","meta":{"footnotes":""},"_links":{"self":[{"href":"http:\/\/www.sarl-bidaud.fr\/bidaud\/wp-json\/wp\/v2\/pages\/12359"}],"collection":[{"href":"http:\/\/www.sarl-bidaud.fr\/bidaud\/wp-json\/wp\/v2\/pages"}],"about":[{"href":"http:\/\/www.sarl-bidaud.fr\/bidaud\/wp-json\/wp\/v2\/types\/page"}],"author":[{"embeddable":true,"href":"http:\/\/www.sarl-bidaud.fr\/bidaud\/wp-json\/wp\/v2\/users\/1"}],"replies":[{"embeddable":true,"href":"http:\/\/www.sarl-bidaud.fr\/bidaud\/wp-json\/wp\/v2\/comments?post=12359"}],"version-history":[{"count":2,"href":"http:\/\/www.sarl-bidaud.fr\/bidaud\/wp-json\/wp\/v2\/pages\/12359\/revisions"}],"predecessor-version":[{"id":12362,"href":"http:\/\/www.sarl-bidaud.fr\/bidaud\/wp-json\/wp\/v2\/pages\/12359\/revisions\/12362"}],"wp:attachment":[{"href":"http:\/\/www.sarl-bidaud.fr\/bidaud\/wp-json\/wp\/v2\/media?parent=12359"}],"curies":[{"name":"wp","href":"https:\/\/api.w.org\/{rel}","templated":true}]}}