{"id":2184,"date":"2012-10-18T16:24:01","date_gmt":"2012-10-18T16:24:01","guid":{"rendered":"http:\/\/themes.swiftpsd.com\/pinpoint\/?page_id=2184"},"modified":"2021-03-18T16:34:34","modified_gmt":"2021-03-18T15:34:34","slug":"contact","status":"publish","type":"page","link":"http:\/\/www.sarl-bidaud.fr\/bidaud\/contact\/","title":{"rendered":"Contact"},"content":{"rendered":"[spb_text_block title=\u00a0\u00bbLaissez nous un message\u00a0\u00bb pb_margin_bottom=\u00a0\u00bbno\u00a0\u00bb pb_border_bottom=\u00a0\u00bbno\u00a0\u00bb width=\u00a0\u00bb1\/2&Prime; el_position=\u00a0\u00bbfirst\u00a0\u00bb]\n<div class=\"wpforms-container wpforms-container-full\" id=\"wpforms-12682\"><form id=\"wpforms-form-12682\" class=\"wpforms-validate wpforms-form\" data-formid=\"12682\" method=\"post\" enctype=\"multipart\/form-data\" action=\"\/bidaud\/wp-json\/wp\/v2\/pages\/2184\" data-token=\"015286ef928f421ac050a60fe6b386b5\" data-token-time=\"1776563719\"><noscript class=\"wpforms-error-noscript\">Veuillez activer JavaScript dans votre navigateur pour remplir ce formulaire.<\/noscript><div class=\"wpforms-field-container\"><div id=\"wpforms-12682-field_4-container\" class=\"wpforms-field wpforms-field-text\" data-field-id=\"4\"><label class=\"wpforms-field-label\" for=\"wpforms-12682-field_4\">Soci\u00e9t\u00e9<\/label><input type=\"text\" id=\"wpforms-12682-field_4\" class=\"wpforms-field-medium\" name=\"wpforms[fields][4]\" ><\/div><div id=\"wpforms-12682-field_0-container\" class=\"wpforms-field wpforms-field-name\" data-field-id=\"0\"><label class=\"wpforms-field-label\" for=\"wpforms-12682-field_0\">Nom &amp; Pr\u00e9nom <span class=\"wpforms-required-label\">*<\/span><\/label><div class=\"wpforms-field-row wpforms-field-medium\"><div class=\"wpforms-field-row-block wpforms-first wpforms-one-half\"><input type=\"text\" id=\"wpforms-12682-field_0\" class=\"wpforms-field-name-first wpforms-field-required\" name=\"wpforms[fields][0][first]\" required><label for=\"wpforms-12682-field_0\" class=\"wpforms-field-sublabel after wpforms-sublabel-hide\">Pr\u00e9nom<\/label><\/div><div class=\"wpforms-field-row-block wpforms-one-half\"><input type=\"text\" id=\"wpforms-12682-field_0-last\" class=\"wpforms-field-name-last wpforms-field-required\" name=\"wpforms[fields][0][last]\" required><label for=\"wpforms-12682-field_0-last\" class=\"wpforms-field-sublabel after wpforms-sublabel-hide\">Nom<\/label><\/div><\/div><\/div><div id=\"wpforms-12682-field_6-container\" class=\"wpforms-field wpforms-field-text\" data-field-id=\"6\"><label class=\"wpforms-field-label\" for=\"wpforms-12682-field_6\">Adresse <span class=\"wpforms-required-label\">*<\/span><\/label><input type=\"text\" id=\"wpforms-12682-field_6\" class=\"wpforms-field-medium wpforms-field-required\" name=\"wpforms[fields][6]\" required><\/div><div id=\"wpforms-12682-field_10-container\" class=\"wpforms-field wpforms-field-text\" data-field-id=\"10\"><label class=\"wpforms-field-label\" for=\"wpforms-12682-field_10\">Code Postal &amp; Ville <span class=\"wpforms-required-label\">*<\/span><\/label><input type=\"text\" id=\"wpforms-12682-field_10\" class=\"wpforms-field-medium wpforms-field-required\" name=\"wpforms[fields][10]\" required><\/div><div id=\"wpforms-12682-field_5-container\" class=\"wpforms-field wpforms-field-text\" data-field-id=\"5\"><label class=\"wpforms-field-label\" for=\"wpforms-12682-field_5\">T\u00e9l\u00e9phone <span class=\"wpforms-required-label\">*<\/span><\/label><input type=\"text\" id=\"wpforms-12682-field_5\" class=\"wpforms-field-small wpforms-field-required\" name=\"wpforms[fields][5]\" placeholder=\"00 00 00 00 00\" required><\/div><div id=\"wpforms-12682-field_1-container\" class=\"wpforms-field wpforms-field-email\" data-field-id=\"1\"><label class=\"wpforms-field-label\" for=\"wpforms-12682-field_1\">E-mail <span class=\"wpforms-required-label\">*<\/span><\/label><input type=\"email\" id=\"wpforms-12682-field_1\" class=\"wpforms-field-medium wpforms-field-required\" name=\"wpforms[fields][1]\" spellcheck=\"false\" required><\/div><div id=\"wpforms-12682-field_2-container\" class=\"wpforms-field wpforms-field-textarea\" data-field-id=\"2\"><label class=\"wpforms-field-label\" for=\"wpforms-12682-field_2\">Commentaire ou message <span class=\"wpforms-required-label\">*<\/span><\/label><textarea id=\"wpforms-12682-field_2\" class=\"wpforms-field-medium wpforms-field-required\" name=\"wpforms[fields][2]\" required><\/textarea><\/div><div id=\"wpforms-12682-field_9-container\" class=\"wpforms-field wpforms-field-checkbox\" data-field-id=\"9\"><label class=\"wpforms-field-label\" for=\"wpforms-12682-field_9\">J&#039;ai lu et j&#039;accepte les conditions g\u00e9n\u00e9rales d&#039;utilisations (mentions l\u00e9gales) <span class=\"wpforms-required-label\">*<\/span><\/label><ul id=\"wpforms-12682-field_9\" class=\"wpforms-field-required\"><li class=\"choice-1 depth-1\"><input type=\"checkbox\" id=\"wpforms-12682-field_9_1\" name=\"wpforms[fields][9][]\" value=\"Oui\" required ><label class=\"wpforms-field-label-inline\" for=\"wpforms-12682-field_9_1\">Oui<\/label><\/li><\/ul><\/div><\/div><!-- .wpforms-field-container --><div class=\"wpforms-recaptcha-container wpforms-is-recaptcha wpforms-is-recaptcha-type-v2\" ><div class=\"g-recaptcha\" data-sitekey=\"6LcN2ucUAAAAAH1X6_0AUXZ9sZGj3uTvglMuwWfZ\"><\/div><input type=\"text\" name=\"g-recaptcha-hidden\" class=\"wpforms-recaptcha-hidden\" style=\"position:absolute!important;clip:rect(0,0,0,0)!important;height:1px!important;width:1px!important;border:0!important;overflow:hidden!important;padding:0!important;margin:0!important;\" data-rule-recaptcha=\"1\"><\/div><div class=\"wpforms-submit-container\" ><input type=\"hidden\" name=\"wpforms[id]\" value=\"12682\"><input type=\"hidden\" name=\"page_title\" value=\"\"><input type=\"hidden\" name=\"page_url\" value=\"http:\/\/www.sarl-bidaud.fr\/bidaud\/wp-json\/wp\/v2\/pages\/2184\"><button type=\"submit\" name=\"wpforms[submit]\" id=\"wpforms-submit-12682\" class=\"wpforms-submit\" data-alt-text=\"Envoi...\" data-submit-text=\"Envoyer\" aria-live=\"assertive\" value=\"wpforms-submit\">Envoyer<\/button><\/div><\/form><\/div>  <!-- .wpforms-container -->\n[\/spb_text_block] [spb_gmaps address=\u00a0\u00bb42, La Ville Dinais &#8211; 44630 PLESSE\u00a0\u00bb size=\u00a0\u00bb300&Prime; type=\u00a0\u00bbROADMAP\u00a0\u00bb zoom=\u00a0\u00bb14&Prime; saturation=\u00a0\u00bbcolor\u00a0\u00bb fullscreen=\u00a0\u00bbno\u00a0\u00bb width=\u00a0\u00bb1\/2&Prime; el_position=\u00a0\u00bblast\u00a0\u00bb] [blank_spacer height=\u00a0\u00bb20px\u00a0\u00bb width=\u00a0\u00bb1\/1&Prime; el_position=\u00a0\u00bbfirst last\u00a0\u00bb]\n","protected":false},"excerpt":{"rendered":"<p>[spb_text_block title=\u00a0\u00bbLaissez nous un message\u00a0\u00bb pb_margin_bottom=\u00a0\u00bbno\u00a0\u00bb pb_border_bottom=\u00a0\u00bbno\u00a0\u00bb width=\u00a0\u00bb1\/2&Prime; el_position=\u00a0\u00bbfirst\u00a0\u00bb] [\/spb_text_block] [spb_gmaps address=\u00a0\u00bb42, La Ville Dinais &#8211; 44630 PLESSE\u00a0\u00bb size=\u00a0\u00bb300&Prime; type=\u00a0\u00bbROADMAP\u00a0\u00bb zoom=\u00a0\u00bb14&Prime; saturation=\u00a0\u00bbcolor\u00a0\u00bb fullscreen=\u00a0\u00bbno\u00a0\u00bb width=\u00a0\u00bb1\/2&Prime; el_position=\u00a0\u00bblast\u00a0\u00bb] [blank_spacer height=\u00a0\u00bb20px\u00a0\u00bb width=\u00a0\u00bb1\/1&Prime; el_position=\u00a0\u00bbfirst last\u00a0\u00bb]<\/p>\n","protected":false},"author":1,"featured_media":0,"parent":0,"menu_order":0,"comment_status":"closed","ping_status":"closed","template":"","meta":{"footnotes":""},"_links":{"self":[{"href":"http:\/\/www.sarl-bidaud.fr\/bidaud\/wp-json\/wp\/v2\/pages\/2184"}],"collection":[{"href":"http:\/\/www.sarl-bidaud.fr\/bidaud\/wp-json\/wp\/v2\/pages"}],"about":[{"href":"http:\/\/www.sarl-bidaud.fr\/bidaud\/wp-json\/wp\/v2\/types\/page"}],"author":[{"embeddable":true,"href":"http:\/\/www.sarl-bidaud.fr\/bidaud\/wp-json\/wp\/v2\/users\/1"}],"replies":[{"embeddable":true,"href":"http:\/\/www.sarl-bidaud.fr\/bidaud\/wp-json\/wp\/v2\/comments?post=2184"}],"version-history":[{"count":9,"href":"http:\/\/www.sarl-bidaud.fr\/bidaud\/wp-json\/wp\/v2\/pages\/2184\/revisions"}],"predecessor-version":[{"id":12684,"href":"http:\/\/www.sarl-bidaud.fr\/bidaud\/wp-json\/wp\/v2\/pages\/2184\/revisions\/12684"}],"wp:attachment":[{"href":"http:\/\/www.sarl-bidaud.fr\/bidaud\/wp-json\/wp\/v2\/media?parent=2184"}],"curies":[{"name":"wp","href":"https:\/\/api.w.org\/{rel}","templated":true}]}}